{"id":3121,"date":"2023-07-28T11:12:53","date_gmt":"2023-07-28T11:12:53","guid":{"rendered":"https:\/\/thebenliinternational.com\/?page_id=3121"},"modified":"2024-07-26T10:52:09","modified_gmt":"2024-07-26T10:52:09","slug":"general-manager","status":"publish","type":"page","link":"https:\/\/thebenliinternational.com\/en\/general-manager\/","title":{"rendered":"General Manager"},"content":{"rendered":"\t\t<div data-elementor-type=\"wp-post\" data-elementor-id=\"3121\" class=\"elementor elementor-3121\">\n\t\t\t\t<div class=\"elementor-element elementor-element-f7afc29 e-flex e-con-boxed e-con e-parent\" data-id=\"f7afc29\" data-element_type=\"container\" data-e-type=\"container\" data-settings=\"{&quot;background_background&quot;:&quot;classic&quot;}\">\n\t\t\t\t\t<div class=\"e-con-inner\">\n\t\t<div class=\"elementor-element elementor-element-dc8b8f8 e-con-full e-flex e-con e-parent\" data-id=\"dc8b8f8\" data-element_type=\"container\" data-e-type=\"container\">\n\t\t\t\t<div class=\"elementor-element elementor-element-abb1c50 elementor-widget elementor-widget-heading\" data-id=\"abb1c50\" data-element_type=\"widget\" data-e-type=\"widget\" data-widget_type=\"heading.default\">\n\t\t\t\t<div class=\"elementor-widget-container\">\n\t\t\t\t\t<h1 class=\"elementor-heading-title elementor-size-default\">General Manager<\/h1>\t\t\t\t<\/div>\n\t\t\t\t<\/div>\n\t\t\t\t<\/div>\n\t\t\t\t\t<\/div>\n\t\t\t\t<\/div>\n\t\t<div class=\"elementor-element elementor-element-5f20d05 e-flex e-con-boxed e-con e-parent\" data-id=\"5f20d05\" data-element_type=\"container\" data-e-type=\"container\">\n\t\t\t\t\t<div class=\"e-con-inner\">\n\t\t<div class=\"elementor-element elementor-element-d1ab4a4 e-con-full e-flex e-con e-parent\" data-id=\"d1ab4a4\" data-element_type=\"container\" data-e-type=\"container\">\n\t\t\t\t<div class=\"elementor-element elementor-element-1bf8f07 elementor-widget elementor-widget-heading\" data-id=\"1bf8f07\" data-element_type=\"widget\" data-e-type=\"widget\" data-widget_type=\"heading.default\">\n\t\t\t\t<div class=\"elementor-widget-container\">\n\t\t\t\t\t<h2 class=\"elementor-heading-title elementor-size-default\">Sibel Ata\u00e7 <br>\nChemical Engineer <br>\nBogazici University<\/h2>\t\t\t\t<\/div>\n\t\t\t\t<\/div>\n\t\t\t\t<div class=\"elementor-element elementor-element-633050c elementor-widget elementor-widget-text-editor\" data-id=\"633050c\" data-element_type=\"widget\" data-e-type=\"widget\" data-widget_type=\"text-editor.default\">\n\t\t\t\t<div class=\"elementor-widget-container\">\n\t\t\t\t\t\t\t\t\t<p><img fetchpriority=\"high\" decoding=\"async\" class=\"alignnone size-medium wp-image-3159\" src=\"https:\/\/thebenliinternational.com\/wp-content\/uploads\/2023\/07\/sibelatac_genel_mudur-227x300.jpg\" alt=\"\" width=\"227\" height=\"300\" srcset=\"https:\/\/thebenliinternational.com\/wp-content\/uploads\/2023\/07\/sibelatac_genel_mudur-227x300.jpg 227w, https:\/\/thebenliinternational.com\/wp-content\/uploads\/2023\/07\/sibelatac_genel_mudur.jpg 370w\" sizes=\"(max-width: 227px) 100vw, 227px\" \/><\/p>\n<p>Sibel Ata\u00e7 graduated from Bo\u011fazi\u00e7i University, Department of Chemical Engineering in 1994.<\/p>\n<p>She started her career at Eczac\u0131ba\u015f\u0131 \u0130la\u00e7 Pazarlama as the Product Manager between 1995-1998. Continuing her career in international companies in the following years, Ata\u00e7 worked as the Bristol Myers Squibb Product Manager in 1998-1999. Between 1999-2006, she continued with successful CNS product launches as Lilly Pharmaceuticals CNS Group Product Manager. Ata\u00e7, who served as Abbott Specialty Care Marketing Manager between 2006-2007, served as Roche Oncology Marketing Manager between 2007-2008. Between 2008 and 2012, she took part in the establishment of the company in Turkey as Celgene Pharmaceuticals Sales and Marketing Manager as Assistant General Manager, successfully establishing the sales and marketing team in the field of Hematology and launching the Hematology product. Continuing her career as a Marketing Consultant in International companies between 2012-2022, Sibel Ata\u00e7 was appointed as the General Manager of The Benli International in 2023.<\/p>\n\t\t\t\t\t\t\t\t<\/div>\n\t\t\t\t<\/div>\n\t\t\t\t<\/div>\n\t\t\t\t\t<\/div>\n\t\t\t\t<\/div>\n\t\t\t\t<\/div>\n\t\t","protected":false},"excerpt":{"rendered":"<p>General Manager Sibel Ata\u00e7 Chemical Engineer Bogazici University Sibel Ata\u00e7 graduated from Bo\u011fazi\u00e7i University, Department of Chemical Engineering in 1994. She started her career at Eczac\u0131ba\u015f\u0131 \u0130la\u00e7 Pazarlama as the Product Manager between 1995-1998. Continuing her career in international companies in the following years, Ata\u00e7 worked as the Bristol Myers Squibb Product Manager in 1998-1999. [&hellip;]<\/p>\n","protected":false},"author":1,"featured_media":0,"parent":0,"menu_order":0,"comment_status":"closed","ping_status":"closed","template":"","meta":{"site-sidebar-layout":"no-sidebar","site-content-layout":"page-builder","ast-site-content-layout":"default","site-content-style":"default","site-sidebar-style":"default","ast-global-header-display":"","ast-banner-title-visibility":"","ast-main-header-display":"","ast-hfb-above-header-display":"","ast-hfb-below-header-display":"","ast-hfb-mobile-header-display":"","site-post-title":"disabled","ast-breadcrumbs-content":"","ast-featured-img":"disabled","footer-sml-layout":"","ast-disable-related-posts":"","theme-transparent-header-meta":"","adv-header-id-meta":"","stick-header-meta":"","header-above-stick-meta":"","header-main-stick-meta":"","header-below-stick-meta":"","astra-migrate-meta-layouts":"default","ast-page-background-enabled":"default","ast-page-background-meta":{"desktop":{"background-color":"","background-image":"","background-repeat":"repeat","background-position":"center center","background-size":"auto","background-attachment":"scroll","background-type":"","background-media":"","overlay-type":"","overlay-color":"","overlay-opacity":"","overlay-gradient":""},"tablet":{"background-color":"","background-image":"","background-repeat":"repeat","background-position":"center center","background-size":"auto","background-attachment":"scroll","background-type":"","background-media":"","overlay-type":"","overlay-color":"","overlay-opacity":"","overlay-gradient":""},"mobile":{"background-color":"","background-image":"","background-repeat":"repeat","background-position":"center center","background-size":"auto","background-attachment":"scroll","background-type":"","background-media":"","overlay-type":"","overlay-color":"","overlay-opacity":"","overlay-gradient":""}},"ast-content-background-meta":{"desktop":{"background-color":"var(--ast-global-color-5)","background-image":"","background-repeat":"repeat","background-position":"center center","background-size":"auto","background-attachment":"scroll","background-type":"","background-media":"","overlay-type":"","overlay-color":"","overlay-opacity":"","overlay-gradient":""},"tablet":{"background-color":"var(--ast-global-color-5)","background-image":"","background-repeat":"repeat","background-position":"center center","background-size":"auto","background-attachment":"scroll","background-type":"","background-media":"","overlay-type":"","overlay-color":"","overlay-opacity":"","overlay-gradient":""},"mobile":{"background-color":"var(--ast-global-color-5)","background-image":"","background-repeat":"repeat","background-position":"center center","background-size":"auto","background-attachment":"scroll","background-type":"","background-media":"","overlay-type":"","overlay-color":"","overlay-opacity":"","overlay-gradient":""}},"footnotes":""},"class_list":["post-3121","page","type-page","status-publish","hentry"],"_links":{"self":[{"href":"https:\/\/thebenliinternational.com\/en\/wp-json\/wp\/v2\/pages\/3121","targetHints":{"allow":["GET"]}}],"collection":[{"href":"https:\/\/thebenliinternational.com\/en\/wp-json\/wp\/v2\/pages"}],"about":[{"href":"https:\/\/thebenliinternational.com\/en\/wp-json\/wp\/v2\/types\/page"}],"author":[{"embeddable":true,"href":"https:\/\/thebenliinternational.com\/en\/wp-json\/wp\/v2\/users\/1"}],"replies":[{"embeddable":true,"href":"https:\/\/thebenliinternational.com\/en\/wp-json\/wp\/v2\/comments?post=3121"}],"version-history":[{"count":0,"href":"https:\/\/thebenliinternational.com\/en\/wp-json\/wp\/v2\/pages\/3121\/revisions"}],"wp:attachment":[{"href":"https:\/\/thebenliinternational.com\/en\/wp-json\/wp\/v2\/media?parent=3121"}],"curies":[{"name":"wp","href":"https:\/\/api.w.org\/{rel}","templated":true}]}}